
{"id":2099,"date":"2026-04-22T22:14:04","date_gmt":"2026-04-22T20:14:04","guid":{"rendered":"https:\/\/electronmaterials.com\/?page_id=2099"},"modified":"2026-04-22T22:22:51","modified_gmt":"2026-04-22T20:22:51","slug":"contact-investisseurs","status":"publish","type":"page","link":"https:\/\/electronmaterials.com\/?page_id=2099","title":{"rendered":"CONTACT INVESTISSEURS"},"content":{"rendered":"\n<p class=\"has-text-align-center has-kenta-base-color has-text-color has-link-color wp-elements-952444aa82a47a76a4f1b5aceb3884ab\" data-aos=\"flip-up\"><strong>\u00e9Ma SAS<\/strong><\/p>\n\n\n\n<p class=\"has-text-align-center has-kenta-base-color has-text-color has-link-color wp-elements-3076c23f958e25437b5e5ed721f23fdc\" data-aos=\"flip-up\">104 rue de la Gal\u00e9ra &#8211; 34090 Montpellier<\/p>\n\n\n\n<p class=\"has-text-align-center has-kenta-base-color has-text-color has-link-color wp-elements-a7829f33a81899e6a89f45e1b114b867\" data-aos=\"flip-up\">T\u00e9l : +33 (0)4 67 64 93 37<\/p>\n\n\n<style type=\"text\/css\" id=\"cspFormShell_13_564619_style\">#cspFormShell_13_564619 {  \tbackground-color: #443e60;\tfont-family: \"Raleway\", \"Helvetica Neue\", Helvetica, Arial, sans-serif;  \tcolor: #FFF;  \tfont-size: 14px;}#cspFormShell_13_564619 h3 {  \tfont-weight: bold;  \tfont-size: 24px;  \tmargin-top: 30px;  \tmargin-bottom: 15px;}#cspFormShell_13_564619 label {  \tfont-weight: bold;}#cspFormShell_13_564619 form {  \tpadding: 0 25px 25px;  \tbackground-color:rgba(1,0,68,0.5);}#cspFormShell_13_564619 label {  \t\/*padding-left: 10px;\/**\/  \tcolor: #FFF;\twidth: 100%;  \tfont-size: 14px;}\/*Fields shell basic*\/#cspFormShell_13_564619 .cfsFieldShell input:not([type=\"checkbox\"]):not([type=\"radio\"]),#cspFormShell_13_564619 .cfsFieldShell textarea,#cspFormShell_13_564619 .cfsFieldShell .cfsListSelect, #cspFormShell_13_564619 .cfsFieldShell .cfsCheck,#cspFormShell_13_564619 .cfsFieldShell button {  \tborder: 1px solid #FFF;  \tcolor: #FFF;    padding: 10px;    width: 100%;    line-height: normal;  \tbackground-color: inherit;    hyphens: none;    border-radius: 4px;    margin: 0;    max-width: 100%;    vertical-align: baseline;  \tdisplay: block;  \theight: auto;}#cspFormShell_13_564619 .cfsFieldShell input[type=\"submit\"]:not([type=\"checkbox\"]):not([type=\"radio\"]), #cspFormShell_13_564619 .cfsFieldShell input[type=\"reset\"]:not([type=\"checkbox\"]):not([type=\"radio\"]), #cspFormShell_13_564619 .cfsFieldShell input[type=\"button\"],#cspFormShell_13_564619 .cfsFieldShell button {\tcursor: pointer;  \tfont-weight: 700;    border: 0 none;    color: #fff;    text-transform: uppercase;  \t-webkit-appearance: none;}#cspFormShell_13_564619 .cfsFieldShell input[type=\"submit\"]:not([type=\"checkbox\"]):not([type=\"radio\"]), #cspFormShell_13_564619 .cfsFieldShell input[type=\"button\"],#cspFormShell_13_564619 .cfsFieldShell button {  \tbackground-color: #f9690e;  \tbackground-image: none;}#cspFormShell_13_564619 .cfsFieldShell input[type=\"submit\"]:not([type=\"checkbox\"]):not([type=\"radio\"]):hover, #cspFormShell_13_564619 .cfsFieldShell input[type=\"button\"]:hover,#cspFormShell_13_564619 .cfsFieldShell button:hover {  \tbackground-color:rgba(249,105,14,0.7);}#cspFormShell_13_564619 .cfsFieldShell input[type=\"reset\"]:not([type=\"checkbox\"]):not([type=\"radio\"]) {  \tbackground-color: #dd3333;  \tbackground-image: none;}#cspFormShell_13_564619 .cfsFieldShell input[type=\"reset\"]:not([type=\"checkbox\"]):not([type=\"radio\"]):hover {  \tbackground-color:rgba(221,51,51,0.7);}#cspFormShell_13_564619 .g-recaptcha {\tmin-height: 60px;}#cspFormShell_13_564619 [type=\"submit\"] {  \tmargin-top: 40px !important;\twidth: 150px !important;  \tfont-size: 24px;  \ttext-transform: capitalize !important;  \tborder-radius: 25px !important;  \tfloat: right;}#cspFormShell_13_564619 { width: 100%}#cspFormShell_13_564619 .cfsSuccessMsg { color: #4ac0e8 !important}<\/style><div id=\"cspFormShell_13_564619\" class=\"cfsFormShell\"><form class=\"csfForm\" method=\"post\" action=\"https:\/\/electronmaterials.com\/\"><div class=\"supRow cfsFieldsRow\"><div class=\"supSm12 cfsFieldCol\" data-name=\"htmldelim_1\" data-type=\"htmldelim\"><p><strong>Contactez-nous<\/strong><\/p><h3>\u00a0\ud83c\udfc6Succ\u00e8s pour SOLARVI 2 : Plus de 1,6 million d'euros pour l'innovation durable !<\/h3><h3>\u00a0<\/h3><h3>Nous sommes fiers d'annoncer que le projet Solarvi 2, port\u00e9 par EMA, a \u00e9t\u00e9 s\u00e9lectionn\u00e9 dans le cadre de l'appel \u00e0 projets \u00ab I-DEMO \u00bb soutenu par l'\u00c9tat et la R\u00e9gion Occitanie.<\/h3><h3>Un financement majeur pour la transition \u00e9nerg\u00e9tique. Gr\u00e2ce au Programme d\u2019Investissements d\u2019Avenir et \u00e0 l\u2019accompagnement de Bpifrance, notre consortium b\u00e9n\u00e9ficie d'un soutien financier global de 1 698 628 \u20ac.<\/h3><h4>Si vous avez des questions, remplissez le formulaire de contact ci-dessous. Nous serons heureux de vous r\u00e9pondre et, si vous le souhaitez, <strong>de vous accueillir dans notre laboratoire de recherche<\/strong> pour vous faire d\u00e9couvrir plus concr\u00e8tement notre technologie et nos travaux.<\/h4><\/div><\/div><div class=\"supRow cfsFieldsRow\"><div class=\"supSm6 cfsFieldCol\" data-name=\"Prenom\" data-type=\"text\"><div class=\"cfsFieldShell cfsField_text\" >\n    <label>Votre Pr\u00e9nom<\/label><label><input type=\"text\" name=\"fields[Prenom]\" value=\"\" data-name=\"Prenom\" required  placeholder=\"Information requise\" \/><\/label>\n<\/div><\/div><div class=\"supSm6 cfsFieldCol\" data-name=\"Nom\" data-type=\"text\"><div class=\"cfsFieldShell cfsField_text\" >\n    <label>Votre Nom<\/label><label><input type=\"text\" name=\"fields[Nom]\" value=\"\" data-name=\"Nom\" required  placeholder=\"Information requise\" \/><\/label>\n<\/div><\/div><\/div><div class=\"supRow cfsFieldsRow\"><div class=\"supSm12 cfsFieldCol\" data-name=\"email\" data-type=\"email\"><div class=\"cfsFieldShell cfsField_email\" >\n    <label>Email<\/label><label><input type=\"email\" name=\"fields[email]\" value=\"\" data-name=\"email\" required  placeholder=\"Information requise\" \/><\/label>\n<\/div><\/div><\/div><div class=\"supRow cfsFieldsRow\"><div class=\"supSm12 cfsFieldCol\" data-name=\"Tel\" data-type=\"text\"><div class=\"cfsFieldShell cfsField_text\" >\n    <label>T\u00e9l :<\/label><label><input type=\"text\" name=\"fields[Tel]\" value=\"\" data-name=\"Tel\" required  placeholder=\"Votre num\u00e9ro de t\u00e9l\u00e9phone\" \/><\/label>\n<\/div><\/div><\/div><div class=\"supRow cfsFieldsRow\"><div class=\"supSm12 cfsFieldCol\" data-name=\"Investisseurs\" data-type=\"radiobuttons\"><div class=\"cfsFieldShell cfsField_radiobuttons\" >\n    <label>Investisseur(s) :<\/label><label><span class=\"cfsListSelect\"><table class=\"cfsCheckTbl\"><tr><td><input type=\"radio\" name=\"fields[Investisseurs]\" value=\"Investir\" data-name=\"Investisseurs\" id=\"cfsCheckRandId_95463\" \/><\/td><td><label for=\"cfsCheckRandId_95463\">Investir dans \u00e9MA SAS<\/label><\/td><\/tr><tr><td><input type=\"radio\" name=\"fields[Investisseurs]\" value=\"SOLARVI\" data-name=\"Investisseurs\" id=\"cfsCheckRandId_35670\" \/><\/td><td><label for=\"cfsCheckRandId_35670\">Avoir des informations sur la signature du I-d\u00e9mo  <\/label><\/td><\/tr><tr><td><input type=\"radio\" name=\"fields[Investisseurs]\" value=\"Rentabilit\u00e9\" data-name=\"Investisseurs\" id=\"cfsCheckRandId_49170\" \/><\/td><td><label for=\"cfsCheckRandId_49170\">Savoir quelle est la perspective de retour sur investissement<\/label><\/td><\/tr><tr><td><input type=\"radio\" name=\"fields[Investisseurs]\" value=\"Partenariats \" data-name=\"Investisseurs\" id=\"cfsCheckRandId_91307\" \/><\/td><td><label for=\"cfsCheckRandId_91307\">Savoir quels partenariats s\u00e9curisent son d\u00e9veloppement<\/label><\/td><\/tr><tr><td><input type=\"radio\" name=\"fields[Investisseurs]\" value=\"Autre question\" data-name=\"Investisseurs\" id=\"cfsCheckRandId_50631\" \/><\/td><td><label for=\"cfsCheckRandId_50631\">Autre question (Laisser un commentaire \u00e7i-dessous)<\/label><\/td><\/tr><\/table><\/span><\/label>\n<\/div><\/div><\/div><div class=\"supRow cfsFieldsRow\"><div class=\"supSm12 cfsFieldCol\" data-name=\"Message\" data-type=\"textarea\"><div class=\"cfsFieldShell cfsField_textarea\" >\n    <label>Nous envoyer votre commentaire<\/label><label><textarea name=\"fields[Message]\" data-name=\"Message\" placeholder=\"\u00c9crire ici...\" supRows=\"3\" cols=\"50\"><\/textarea><\/label>\n<\/div><\/div><\/div><div class=\"supRow cfsFieldsRow\"><div class=\"supSm6 cfsFieldCol\" data-name=\"JPB\" data-type=\"recaptcha\"><div class=\"cfsFieldShell cfsField_recaptcha\" >\n    <label>*<\/label><label><div class=\"g-recaptcha\" data-sitekey=\"6Lf4EL8qAAAAACr8d_c96TZwvK7ABN9sNsIOpiCq\" data-theme=\"light\" data-type=\"image\" data-size=\"compact\" ><\/div><\/label>\n<\/div><\/div><div class=\"supSm6 cfsFieldCol\" data-name=\"Send\" data-type=\"submit\"><div class=\"cfsFieldShell cfsField_submit\" >\n    <label><\/label><input type=\"submit\" name=\"fields[Send]\" value=\"Envoyer\" data-name=\"Send\" \/>\n<\/div><\/div><\/div><input type=\"hidden\" name=\"mod\" value=\"forms\"  \/><input type=\"hidden\" name=\"action\" value=\"contact\"  \/><input type=\"hidden\" name=\"id\" value=\"13\"  \/><input type=\"hidden\" name=\"_wpnonce\" value=\"842eaaa0a8\"  \/><div class=\"cfsContactMsg\"><\/div><\/form><\/div><span style=\"display: none !important;\" class=\"cfsFormDesc\">eyJpZCI6IjEzIiwibGFiZWwiOiJFTUEgY29udGFjdCBJbnZlc3QiLCJhY3RpdmUiOiIxIiwib3JpZ2luYWxfaWQiOiI1IiwidW5pcXVlX2lkIjoiYnNvMTVpIiwicGFyYW1zIjp7ImVuYWJsZUZvck1lbWJlcnNoaXAiOiIwIiwidHBsIjp7IndpZHRoIjoiMTAwIiwid2lkdGhfbWVhc3VyZSI6IiUiLCJiZ190eXBlXzAiOiJjb2xvciIsImJnX2ltZ18wIjoiaHR0cDpcL1wvZWxlY3Ryb25tYXRlcmlhbHMuY29tXC93cC1jb250ZW50XC91cGxvYWRzXC8yMDI1XC8wMVwvcmVhY3RldXItdmVydC0zMDB4Mjk2LnBuZyIsImJnX2NvbG9yXzAiOiIjNDQzZTYwIiwiYmdfdHlwZV8xIjoiY29sb3IiLCJiZ19pbWdfMSI6IiIsImJnX2NvbG9yXzEiOiIjMDEwMDQ0IiwiYmdfdHlwZV8yIjoiY29sb3IiLCJiZ19pbWdfMiI6IiIsImJnX2NvbG9yXzIiOiIjZjk2OTBlIiwiYmdfdHlwZV8zIjoiY29sb3IiLCJiZ19pbWdfMyI6IiIsImJnX2NvbG9yXzMiOiIjZGQzMzMzIiwiZmllbGRfZXJyb3JfaW52YWxpZCI6IiIsImZvcm1fc2VudF9tc2ciOiJNZXJjaSwgdm90cmUgbWFpbCBlc3QgYmllbiBwYXJ0aS4gTm91cyB2b3VzIGNvbnRhY3Rlcm9ucyBkYW5zIGxlcyBwbHVzIGJyZWZzIGRcdTAwZTlsYWlzLiIsImZvcm1fc2VudF9tc2dfY29sb3IiOiIjNGFjMGU4IiwiaGlkZV9vbl9zdWJtaXQiOiIxIiwicmVkaXJlY3Rfb25fc3VibWl0IjoiIiwidGVzdF9lbWFpbCI6ImplYW4tcGhpbGlwcGUuYmFydGFsQHdhbmFkb28uZnIiLCJzYXZlX2NvbnRhY3RzIjoiMSIsImV4cF9kZWxpbSI6IjsiLCJmYl9jb252ZXJ0X2Jhc2UiOiIiLCJmaWVsZF93cmFwcGVyIjoiPGRpdiBmaWVsZF9zaGVsbF9jbGFzc2VzIGZpZWxkX3NoZWxsX3N0eWxlcz5cclxuICAgIDxsYWJlbD5bbGFiZWxdPFwvbGFiZWw+W2ZpZWxkXVxyXG48XC9kaXY+In0sImZpZWxkcyI6W3siYnNfY2xhc3NfaWQiOiIxMiIsIm5hbWUiOiIiLCJsYWJlbCI6IiIsInBsYWNlaG9sZGVyIjoiIiwidmFsdWUiOiI8cD48c3Ryb25nPkNvbnRhY3Rlei1ub3VzPFwvc3Ryb25nPjxcL3A+PGgzPlx1MDBhMFx1ZDgzY1x1ZGZjNlN1Y2NcdTAwZThzIHBvdXIgU09MQVJWSSAyIDogUGx1cyBkZSAxLDYgbWlsbGlvbiBkJ2V1cm9zIHBvdXIgbCdpbm5vdmF0aW9uIGR1cmFibGUgITxcL2gzPjxoMz5cdTAwYTA8XC9oMz48aDM+Tm91cyBzb21tZXMgZmllcnMgZCdhbm5vbmNlciBxdWUgbGUgcHJvamV0IFNvbGFydmkgMiwgcG9ydFx1MDBlOSBwYXIgRU1BLCBhIFx1MDBlOXRcdTAwZTkgc1x1MDBlOWxlY3Rpb25uXHUwMGU5IGRhbnMgbGUgY2FkcmUgZGUgbCdhcHBlbCBcdTAwZTAgcHJvamV0cyBcdTAwYWIgSS1ERU1PIFx1MDBiYiBzb3V0ZW51IHBhciBsJ1x1MDBjOXRhdCBldCBsYSBSXHUwMGU5Z2lvbiBPY2NpdGFuaWUuPFwvaDM+PGgzPlVuIGZpbmFuY2VtZW50IG1hamV1ciBwb3VyIGxhIHRyYW5zaXRpb24gXHUwMGU5bmVyZ1x1MDBlOXRpcXVlLiBHclx1MDBlMmNlIGF1IFByb2dyYW1tZSBkXHUyMDE5SW52ZXN0aXNzZW1lbnRzIGRcdTIwMTlBdmVuaXIgZXQgXHUwMGUwIGxcdTIwMTlhY2NvbXBhZ25lbWVudCBkZSBCcGlmcmFuY2UsIG5vdHJlIGNvbnNvcnRpdW0gYlx1MDBlOW5cdTAwZTlmaWNpZSBkJ3VuIHNvdXRpZW4gZmluYW5jaWVyIGdsb2JhbCBkZSAxIDY5OCA2MjggXHUyMGFjLjxcL2gzPjxoND5TaSB2b3VzIGF2ZXogZGVzIHF1ZXN0aW9ucywgcmVtcGxpc3NleiBsZSBmb3JtdWxhaXJlIGRlIGNvbnRhY3QgY2ktZGVzc291cy4gTm91cyBzZXJvbnMgaGV1cmV1eCBkZSB2b3VzIHJcdTAwZTlwb25kcmUgZXQsIHNpIHZvdXMgbGUgc291aGFpdGV6LCA8c3Ryb25nPmRlIHZvdXMgYWNjdWVpbGxpciBkYW5zIG5vdHJlIGxhYm9yYXRvaXJlIGRlIHJlY2hlcmNoZTxcL3N0cm9uZz4gcG91ciB2b3VzIGZhaXJlIGRcdTAwZTljb3V2cmlyIHBsdXMgY29uY3JcdTAwZTh0ZW1lbnQgbm90cmUgdGVjaG5vbG9naWUgZXQgbm9zIHRyYXZhdXguPFwvaDQ+IiwiaHRtbCI6Imh0bWxkZWxpbSIsIm1hbmRhdG9yeSI6IjAiLCJhZGRfY2xhc3NlcyI6IiIsImFkZF9zdHlsZXMiOiIiLCJhZGRfYXR0ciI6IiJ9LHsiYnNfY2xhc3NfaWQiOiI2IiwibmFtZSI6IlByZW5vbSIsImxhYmVsIjoiVm90cmUgUHJcdTAwZTlub20iLCJwbGFjZWhvbGRlciI6IkluZm9ybWF0aW9uIHJlcXVpc2UiLCJ2YWx1ZSI6IiIsInZhbHVlX3ByZXNldCI6IiIsImh0bWwiOiJ0ZXh0IiwibWFuZGF0b3J5IjoiMSIsIm1pbl9zaXplIjoiIiwibWF4X3NpemUiOiIiLCJhZGRfY2xhc3NlcyI6IiIsImFkZF9zdHlsZXMiOiIiLCJhZGRfYXR0ciI6IiIsInZuX29ubHlfbnVtYmVyIjoiMCIsInZuX29ubHlfbGV0dGVycyI6IjAiLCJ2bl9wYXR0ZXJuIjoiMCIsInZuX2VxdWFsIjoiIiwiaWNvbl9jbGFzcyI6IiIsImljb25fc2l6ZSI6IiIsImljb25fY29sb3IiOiIiLCJ0ZXJtcyI6IiJ9LHsiYnNfY2xhc3NfaWQiOiI2IiwibmFtZSI6Ik5vbSIsImxhYmVsIjoiVm90cmUgTm9tIiwicGxhY2Vob2xkZXIiOiJJbmZvcm1hdGlvbiByZXF1aXNlIiwidmFsdWUiOiIiLCJ2YWx1ZV9wcmVzZXQiOiIiLCJodG1sIjoidGV4dCIsIm1hbmRhdG9yeSI6IjEiLCJtaW5fc2l6ZSI6IiIsIm1heF9zaXplIjoiIiwiYWRkX2NsYXNzZXMiOiIiLCJhZGRfc3R5bGVzIjoiIiwiYWRkX2F0dHIiOiIiLCJ2bl9vbmx5X251bWJlciI6IjAiLCJ2bl9vbmx5X2xldHRlcnMiOiIwIiwidm5fcGF0dGVybiI6IjAiLCJ2bl9lcXVhbCI6IiIsImljb25fY2xhc3MiOiIiLCJpY29uX3NpemUiOiIiLCJpY29uX2NvbG9yIjoiIiwidGVybXMiOiIifSx7ImJzX2NsYXNzX2lkIjoiMTIiLCJuYW1lIjoiZW1haWwiLCJsYWJlbCI6IkVtYWlsIiwicGxhY2Vob2xkZXIiOiJJbmZvcm1hdGlvbiByZXF1aXNlIiwidmFsdWUiOiIiLCJ2YWx1ZV9wcmVzZXQiOiIiLCJodG1sIjoiZW1haWwiLCJtYW5kYXRvcnkiOiIxIiwibWluX3NpemUiOiIiLCJtYXhfc2l6ZSI6IiIsImFkZF9jbGFzc2VzIjoiIiwiYWRkX3N0eWxlcyI6IiIsImFkZF9hdHRyIjoiIiwidm5fb25seV9udW1iZXIiOiIwIiwidm5fb25seV9sZXR0ZXJzIjoiMCIsInZuX3BhdHRlcm4iOiIwIiwidm5fZXF1YWwiOiIiLCJpY29uX2NsYXNzIjoiIiwiaWNvbl9zaXplIjoiIiwiaWNvbl9jb2xvciI6IiIsInRlcm1zIjoiIn0seyJic19jbGFzc19pZCI6IjEyIiwibmFtZSI6IlRlbCIsImxhYmVsIjoiVFx1MDBlOWwgOiIsInBsYWNlaG9sZGVyIjoiVm90cmUgbnVtXHUwMGU5cm8gZGUgdFx1MDBlOWxcdTAwZTlwaG9uZSIsInZhbHVlIjoiIiwidmFsdWVfcHJlc2V0IjoiIiwiaHRtbCI6InRleHQiLCJtYW5kYXRvcnkiOiIxIiwibWluX3NpemUiOiIiLCJtYXhfc2l6ZSI6IiIsImFkZF9jbGFzc2VzIjoiIiwiYWRkX3N0eWxlcyI6IiIsImFkZF9hdHRyIjoiIiwidm5fb25seV9udW1iZXIiOiIwIiwidm5fb25seV9sZXR0ZXJzIjoiMCIsInZuX3BhdHRlcm4iOiIiLCJ2bl9lcXVhbCI6IiIsImljb25fY2xhc3MiOiIiLCJpY29uX3NpemUiOiIiLCJpY29uX2NvbG9yIjoiIiwidGVybXMiOiIifSx7ImJzX2NsYXNzX2lkIjoiMTIiLCJuYW1lIjoiSW52ZXN0aXNzZXVycyIsImxhYmVsIjoiSW52ZXN0aXNzZXVyKHMpIDoiLCJ2YWx1ZSI6IiIsInZhbHVlX3ByZXNldCI6IiIsImh0bWwiOiJyYWRpb2J1dHRvbnMiLCJtYW5kYXRvcnkiOiIwIiwibGFiZWxfZGVsaW0iOiIiLCJkaXNwbGF5IjoiY29sIiwiYWRkX2NsYXNzZXMiOiIiLCJhZGRfc3R5bGVzIjoiIiwiYWRkX2F0dHIiOiIiLCJpY29uX2NsYXNzIjoiIiwiaWNvbl9zaXplIjoiIiwiaWNvbl9jb2xvciI6IiIsInRlcm1zIjoiIiwib3B0aW9ucyI6W3sibmFtZSI6IkludmVzdGlyIiwibGFiZWwiOiJJbnZlc3RpciBkYW5zIFx1MDBlOU1BIFNBUyJ9LHsibmFtZSI6IlNPTEFSVkkiLCJsYWJlbCI6IkF2b2lyIGRlcyBpbmZvcm1hdGlvbnMgc3VyIGxhIHNpZ25hdHVyZSBkdSBJLWRcdTAwZTltbyAgIn0seyJuYW1lIjoiUmVudGFiaWxpdFx1MDBlOSIsImxhYmVsIjoiU2F2b2lyIHF1ZWxsZSBlc3QgbGEgcGVyc3BlY3RpdmUgZGUgcmV0b3VyIHN1ciBpbnZlc3Rpc3NlbWVudCJ9LHsibmFtZSI6IlBhcnRlbmFyaWF0cyAiLCJsYWJlbCI6IlNhdm9pciBxdWVscyBwYXJ0ZW5hcmlhdHMgc1x1MDBlOWN1cmlzZW50IHNvbiBkXHUwMGU5dmVsb3BwZW1lbnQifSx7Im5hbWUiOiJBdXRyZSBxdWVzdGlvbiIsImxhYmVsIjoiQXV0cmUgcXVlc3Rpb24gKExhaXNzZXIgdW4gY29tbWVudGFpcmUgXHUwMGU3aS1kZXNzb3VzKSJ9XX0seyJic19jbGFzc19pZCI6IjEyIiwibmFtZSI6Ik1lc3NhZ2UiLCJsYWJlbCI6Ik5vdXMgZW52b3llciB2b3RyZSBjb21tZW50YWlyZSIsInBsYWNlaG9sZGVyIjoiXHUwMGM5Y3JpcmUgaWNpLi4uIiwidmFsdWUiOiIiLCJ2YWx1ZV9wcmVzZXQiOiIiLCJodG1sIjoidGV4dGFyZWEiLCJtYW5kYXRvcnkiOiIwIiwibWluX3NpemUiOiIiLCJtYXhfc2l6ZSI6IiIsImFkZF9jbGFzc2VzIjoiIiwiYWRkX3N0eWxlcyI6IiIsImFkZF9hdHRyIjoiIiwidm5fb25seV9udW1iZXIiOiIwIiwidm5fb25seV9sZXR0ZXJzIjoiMCIsInZuX3BhdHRlcm4iOiIiLCJ2bl9lcXVhbCI6IiIsImljb25fY2xhc3MiOiIiLCJpY29uX3NpemUiOiIiLCJpY29uX2NvbG9yIjoiIiwidGVybXMiOiIifSx7ImJzX2NsYXNzX2lkIjoiNiIsIm5hbWUiOiJKUEIiLCJsYWJlbCI6IioiLCJodG1sIjoicmVjYXB0Y2hhIiwidGVybXMiOiIiLCJyZWNhcC10aGVtZSI6ImxpZ2h0IiwicmVjYXAtdHlwZSI6ImltYWdlIiwicmVjYXAtc2l6ZSI6ImNvbXBhY3QifSx7ImJzX2NsYXNzX2lkIjoiNiIsIm5hbWUiOiJTZW5kIiwibGFiZWwiOiJFbnZveWVyIiwiaHRtbCI6InN1Ym1pdCIsImFkZF9jbGFzc2VzIjoiIiwiYWRkX3N0eWxlcyI6IiIsImFkZF9hdHRyIjoiIiwiaWNvbl9jbGFzcyI6IiIsImljb25fc2l6ZSI6IiIsImljb25fY29sb3IiOiIiLCJ0ZXJtcyI6IiJ9XSwib3B0c19hdHRycyI6eyJiZ19udW1iZXIiOiI0In19LCJpbWdfcHJldmlldyI6InRlYS10aW1lLnBuZyIsInZpZXdzIjoiMjUiLCJ1bmlxdWVfdmlld3MiOiI1IiwiYWN0aW9ucyI6IjAiLCJzb3J0X29yZGVyIjoiNSIsImlzX3BybyI6IjAiLCJhYl9pZCI6IjAiLCJkYXRlX2NyZWF0ZWQiOiIyMDI2LTA0LTIyIDIxOjIxOjAzIiwiaW1nX3ByZXZpZXdfdXJsIjoiaHR0cHM6XC9cL2VsZWN0cm9ubWF0ZXJpYWxzLmNvbVwvd3AtY29udGVudFwvcGx1Z2luc1wvY29udGFjdC1mb3JtLWJ5LXN1cHN5c3RpY1wvYXNzZXRzXC9mb3Jtc1wvaW1nXC9wcmV2aWV3XC90ZWEtdGltZS5wbmciLCJ2aWV3X2lkIjoiMTNfNTY0NjE5Iiwidmlld19odG1sX2lkIjoiY3NwRm9ybVNoZWxsXzEzXzU2NDYxOSIsImNvbm5lY3RfaGFzaCI6IjQwOWZiMDQxMzE3NzhmOGU0MTZjNDJhNTQ0MTIwN2E0In0=<\/span>\n\n\n\n<div class=\"wp-block-cover alignfull has-parallax has-text-color has-link-color wp-elements-1bc344a65eb46c44677bacf24e307e48\" style=\"color:#fffefe;min-height:250px;aspect-ratio:unset;\"><div class=\"wp-block-cover__image-background has-parallax\" style=\"background-position:50% 50%;background-image:url(https:\/\/electronmaterials.com\/wp-content\/themes\/kenta-ciela\/assets\/images\/hero-background.jpg)\"><\/div><span aria-hidden=\"true\" class=\"wp-block-cover__background has-background-dim-20 has-background-dim\" style=\"background-color:#1c1c1c\"><\/span><div class=\"wp-block-cover__inner-container is-layout-flow wp-block-cover-is-layout-flow\"><h6 class=\"wp-block-heading has-text-align-center has-text-color has-link-color wp-elements-951c72769088b5290642259a267a86eb\" id=\"your-vision-our-expertise-1\" style=\"color:#fefefe;padding-right:0;padding-left:0;font-size:clamp(2.418rem, 2.418rem + ((1vw - 0.2rem) * 4.062), 4.5rem);text-transform:none\">Acheter et vendre des actions<\/h6>\n\n\n\n<div class=\"wp-block-group has-global-padding is-layout-constrained wp-container-core-group-is-layout-13c15a7e wp-block-group-is-layout-constrained\">\n<p class=\"has-text-align-center has-text-color has-link-color wp-elements-e1cfd5b906406ec2e1c462786b7bb103\" style=\"color:#ffffffab\">En tant qu&rsquo;actionnaire, vous avez la possibilit\u00e9 de passer directement vos ordres d&rsquo;achat ou de vente de vos actions \u00c9MA SAS via le Carnet d&rsquo;Annonces.<\/p>\n\n\n\n<div class=\"wp-block-buttons is-content-justification-center is-layout-flex wp-container-core-buttons-is-layout-a89b3969 wp-block-buttons-is-layout-flex\">\n<div class=\"wp-block-button is-style-fill\" style=\"box-shadow:none\"><a class=\"wp-block-button__link has-text-color has-link-color has-custom-font-size wp-element-button\" style=\"color:#ffffff;padding-top:0.8rem;padding-right:1.75rem;padding-bottom:0.8rem;padding-left:1.75rem;box-shadow:none;font-size:clamp(14px, 0.875rem + ((1vw - 3.2px) * 0.244), 16px);font-style:normal;font-weight:600;text-transform:uppercase\">Acc\u00c9der au carnet d&rsquo;annonceS<\/a><\/div>\n\n\n\n<div class=\"wp-block-button is-style-outline is-style-outline--1\" style=\"box-shadow:none\"><a class=\"wp-block-button__link has-text-color has-background has-link-color has-border-color has-custom-font-size wp-element-button\" href=\"https:\/\/electronmaterials.com\/?page_id=2099\" style=\"border-color:#ffffff80;color:#ffffffc4;background-color:#ffffff00;padding-top:0.8rem;padding-right:1.75rem;padding-bottom:0.8rem;padding-left:1.75rem;box-shadow:none;font-size:clamp(14px, 0.875rem + ((1vw - 3.2px) * 0.244), 16px);font-style:normal;font-weight:600;text-transform:uppercase\">VOIR LES Documents d&rsquo;informations<\/a><\/div>\n<\/div>\n<\/div>\n<\/div><\/div>\n\n\n\n<p><\/p>\n","protected":false},"excerpt":{"rendered":"<p>\u00e9Ma SAS 104 rue de la Gal\u00e9ra &#8211; 34090 Montpellier T\u00e9l : +33 (0)4 67 64 93 37<\/p>\n","protected":false},"author":1,"featured_media":0,"parent":0,"menu_order":0,"comment_status":"closed","ping_status":"closed","template":"","meta":{"give_campaign_id":0,"_gspb_post_css":"","site-container-style":"default","site-container-layout":"default","site-sidebar-layout":"default","site-transparent-header":"default","disable-article-header":"default","disable-site-header":"default","disable-site-footer":"default","disable-content-area-spacing":"default","footnotes":""},"class_list":["post-2099","page","type-page","status-publish","hentry"],"campaignId":"","_links":{"self":[{"href":"https:\/\/electronmaterials.com\/index.php?rest_route=\/wp\/v2\/pages\/2099","targetHints":{"allow":["GET"]}}],"collection":[{"href":"https:\/\/electronmaterials.com\/index.php?rest_route=\/wp\/v2\/pages"}],"about":[{"href":"https:\/\/electronmaterials.com\/index.php?rest_route=\/wp\/v2\/types\/page"}],"author":[{"embeddable":true,"href":"https:\/\/electronmaterials.com\/index.php?rest_route=\/wp\/v2\/users\/1"}],"replies":[{"embeddable":true,"href":"https:\/\/electronmaterials.com\/index.php?rest_route=%2Fwp%2Fv2%2Fcomments&post=2099"}],"version-history":[{"count":4,"href":"https:\/\/electronmaterials.com\/index.php?rest_route=\/wp\/v2\/pages\/2099\/revisions"}],"predecessor-version":[{"id":2107,"href":"https:\/\/electronmaterials.com\/index.php?rest_route=\/wp\/v2\/pages\/2099\/revisions\/2107"}],"wp:attachment":[{"href":"https:\/\/electronmaterials.com\/index.php?rest_route=%2Fwp%2Fv2%2Fmedia&parent=2099"}],"curies":[{"name":"wp","href":"https:\/\/api.w.org\/{rel}","templated":true}]}}